{"id":8,"date":"2019-02-24T15:18:36","date_gmt":"2019-02-24T14:18:36","guid":{"rendered":"http:\/\/www.selbstgemacht.co.at\/cms\/?page_id=8"},"modified":"2019-03-03T13:08:56","modified_gmt":"2019-03-03T12:08:56","slug":"startseite","status":"publish","type":"page","link":"https:\/\/www.selbstgemacht.co.at\/cms\/","title":{"rendered":"h3mobile"},"content":{"rendered":"<h3 style=\"text-align: center;\">Willkommen auf h3mobile<\/h3>\n<p>&nbsp;<\/p>\n<ul>\n<li>Baue dir eine interaktive Map und speichere deine interessanten Orte als Marker ab. <br>Diese kannst du mit Freunden teilen.<br><br><\/li>\n<li>Elektronisches Fahrtenbuch f\u00fcr Android und Iphone Nutzer (Siehe HowTo)<br><br><\/li>\n<li>Bist du Fischer? Trage die gefangenen Fische (L\u00e4nge, Gewicht, Preis, GPS) f\u00fcr deine Statistik ins h3mobile ein. <br>Matche dich mit deinen Freunden. Inklusive \u00f6sterreichischer Schonzeitentabelle.<br><br><\/li>\n<li>Wenn du dich mit Arduino und Co. auskennst kannst du Sensorwerte \u00fcber das Internet auf h3mobile senden.&nbsp; <br>Verschiedene Protokolle stehen dir zur Verf\u00fcgung. <br>Diese werden dann zum Beispiel als Graph angezeigt. <br>Weitere Funktionen wie Alarmgrenzen und E-Mail Benachrichtigung sind auch verf\u00fcgbar. (Siehe FAQs)<\/li>\n<\/ul>\n\n\n<div class=\"ngg-galleryoverview ngg-slideshow\"\n\t id=\"ngg-slideshow-f97e451ef021a1cde819b5399a0e018b-12342587370\"\n     data-gallery-id=\"f97e451ef021a1cde819b5399a0e018b\"\n     style=\"max-width: 650px; max-height: 400px;\">\n\n \t<div id=\"ngg-image-0\" class=\"ngg-gallery-slideshow-image\" style=\"height:400px\">\n\n        <a href=\"https:\/\/www.selbstgemacht.co.at\/cms\/wp-content\/gallery\/screenshots\/background_cms.JPG\"\n           title=\"\"\n           data-src=\"https:\/\/www.selbstgemacht.co.at\/cms\/wp-content\/gallery\/screenshots\/background_cms.JPG\"\n           data-thumbnail=\"https:\/\/www.selbstgemacht.co.at\/cms\/wp-content\/gallery\/screenshots\/thumbs\/thumbs_background_cms.JPG\"\n           data-image-id=\"1\"\n           data-title=\"background_cms\"\n           data-description=\"\"\n           class=\"ngg-simplelightbox\" rel=\"f97e451ef021a1cde819b5399a0e018b\">\n\n            <img data-image-id='1'\n                 title=\"\"\n                 alt=\"background_cms\"\n                 src=\"https:\/\/www.selbstgemacht.co.at\/cms\/wp-content\/gallery\/screenshots\/background_cms.JPG\"\n                 style=\"max-height: 380px;\"\/>\n        <\/a>\n\n        <\/div> \n<div id=\"ngg-image-1\" class=\"ngg-gallery-slideshow-image\" style=\"height:400px\">\n\n        <a href=\"https:\/\/www.selbstgemacht.co.at\/cms\/wp-content\/gallery\/screenshots\/graph.JPG\"\n           title=\"\"\n           data-src=\"https:\/\/www.selbstgemacht.co.at\/cms\/wp-content\/gallery\/screenshots\/graph.JPG\"\n           data-thumbnail=\"https:\/\/www.selbstgemacht.co.at\/cms\/wp-content\/gallery\/screenshots\/thumbs\/thumbs_graph.JPG\"\n           data-image-id=\"2\"\n           data-title=\"graph\"\n           data-description=\"\"\n           class=\"ngg-simplelightbox\" rel=\"f97e451ef021a1cde819b5399a0e018b\">\n\n            <img data-image-id='2'\n                 title=\"\"\n                 alt=\"graph\"\n                 src=\"https:\/\/www.selbstgemacht.co.at\/cms\/wp-content\/gallery\/screenshots\/graph.JPG\"\n                 style=\"max-height: 380px;\"\/>\n        <\/a>\n\n        <\/div> \n<div id=\"ngg-image-2\" class=\"ngg-gallery-slideshow-image\" style=\"height:400px\">\n\n        <a href=\"https:\/\/www.selbstgemacht.co.at\/cms\/wp-content\/gallery\/screenshots\/Fahrtenbuch.JPG\"\n           title=\"\"\n           data-src=\"https:\/\/www.selbstgemacht.co.at\/cms\/wp-content\/gallery\/screenshots\/Fahrtenbuch.JPG\"\n           data-thumbnail=\"https:\/\/www.selbstgemacht.co.at\/cms\/wp-content\/gallery\/screenshots\/thumbs\/thumbs_Fahrtenbuch.JPG\"\n           data-image-id=\"3\"\n           data-title=\"Fahrtenbuch\"\n           data-description=\"\"\n           class=\"ngg-simplelightbox\" rel=\"f97e451ef021a1cde819b5399a0e018b\">\n\n            <img data-image-id='3'\n                 title=\"\"\n                 alt=\"Fahrtenbuch\"\n                 src=\"https:\/\/www.selbstgemacht.co.at\/cms\/wp-content\/gallery\/screenshots\/Fahrtenbuch.JPG\"\n                 style=\"max-height: 380px;\"\/>\n        <\/a>\n\n        <\/div> \n<div id=\"ngg-image-3\" class=\"ngg-gallery-slideshow-image\" style=\"height:400px\">\n\n        <a href=\"https:\/\/www.selbstgemacht.co.at\/cms\/wp-content\/gallery\/screenshots\/menue.JPG\"\n           title=\"\"\n           data-src=\"https:\/\/www.selbstgemacht.co.at\/cms\/wp-content\/gallery\/screenshots\/menue.JPG\"\n           data-thumbnail=\"https:\/\/www.selbstgemacht.co.at\/cms\/wp-content\/gallery\/screenshots\/thumbs\/thumbs_menue.JPG\"\n           data-image-id=\"4\"\n           data-title=\"menue\"\n           data-description=\"\"\n           class=\"ngg-simplelightbox\" rel=\"f97e451ef021a1cde819b5399a0e018b\">\n\n            <img data-image-id='4'\n                 title=\"\"\n                 alt=\"menue\"\n                 src=\"https:\/\/www.selbstgemacht.co.at\/cms\/wp-content\/gallery\/screenshots\/menue.JPG\"\n                 style=\"max-height: 380px;\"\/>\n        <\/a>\n\n        <\/div> \n<div id=\"ngg-image-4\" class=\"ngg-gallery-slideshow-image\" style=\"height:400px\">\n\n        <a href=\"https:\/\/www.selbstgemacht.co.at\/cms\/wp-content\/gallery\/screenshots\/sensoren.JPG\"\n           title=\"\"\n           data-src=\"https:\/\/www.selbstgemacht.co.at\/cms\/wp-content\/gallery\/screenshots\/sensoren.JPG\"\n           data-thumbnail=\"https:\/\/www.selbstgemacht.co.at\/cms\/wp-content\/gallery\/screenshots\/thumbs\/thumbs_sensoren.JPG\"\n           data-image-id=\"5\"\n           data-title=\"sensoren\"\n           data-description=\"\"\n           class=\"ngg-simplelightbox\" rel=\"f97e451ef021a1cde819b5399a0e018b\">\n\n            <img data-image-id='5'\n                 title=\"\"\n                 alt=\"sensoren\"\n                 src=\"https:\/\/www.selbstgemacht.co.at\/cms\/wp-content\/gallery\/screenshots\/sensoren.JPG\"\n                 style=\"max-height: 380px;\"\/>\n        <\/a>\n\n        <\/div> \n<div id=\"ngg-image-5\" class=\"ngg-gallery-slideshow-image\" style=\"height:400px\">\n\n        <a href=\"https:\/\/www.selbstgemacht.co.at\/cms\/wp-content\/gallery\/screenshots\/sensorsettings.JPG\"\n           title=\"\"\n           data-src=\"https:\/\/www.selbstgemacht.co.at\/cms\/wp-content\/gallery\/screenshots\/sensorsettings.JPG\"\n           data-thumbnail=\"https:\/\/www.selbstgemacht.co.at\/cms\/wp-content\/gallery\/screenshots\/thumbs\/thumbs_sensorsettings.JPG\"\n           data-image-id=\"10\"\n           data-title=\"sensorsettings\"\n           data-description=\"\"\n           class=\"ngg-simplelightbox\" rel=\"f97e451ef021a1cde819b5399a0e018b\">\n\n            <img data-image-id='10'\n                 title=\"\"\n                 alt=\"sensorsettings\"\n                 src=\"https:\/\/www.selbstgemacht.co.at\/cms\/wp-content\/gallery\/screenshots\/sensorsettings.JPG\"\n                 style=\"max-height: 380px;\"\/>\n        <\/a>\n\n        <\/div> \n<\/div>\n\n\n\n\n<p>&nbsp;<\/p>\n<p>&nbsp;<\/p>\n\n<div class=\"cbd-list-container\">\r\n                    <div class=\"cbd-list-title\"><h3>Donate<\/h3>\r\n                    <\/div>\r\n                    <div class=\"cbd-list-view\">\r\n                      <ul><li class=\"cbd-list-items\"><a class=\"cbd-list-popup\" href=\"#donatebitcoin\" rel=\"modal:open\"><div class=\"cdb-list-img\"><img src=\"https:\/\/www.selbstgemacht.co.at\/cms\/wp-content\/plugins\/cryptocurrency-donation-box\/assets\/logos\/bitcoin.svg\"><\/div><div class=\"cdb-list-content\"><span class=\"cdb-list-donate-txt\">Donate with<\/span><span class=\"cdb-list-coin\">Bitcoin<\/span><\/div><\/a><\/li>\r\n                                <div id=\"donatebitcoin\" class=\"modal\">\r\n                                <div class=\"cbd-main-title\">\r\n                                <h2 class=\"cbd-title\">Donate Bitcoin<\/h2>\r\n                                <\/div>\r\n                                <div class=\"cbd-modal-body\">\r\n                                <div class=\"cbd-address\">\r\n                                <input type=\"text\" class=\"wallet-address-input\"  id=\"bitcoin-list-wallet-address\" name=\"bitcoin-list-wallet-address\" value=\"19YFid4eBhHuFvoNP4m5MKPLHYAwSJtu38\">\r\n                                <button class=\"CDBBC_btn\" data-clipboard-target=\"#bitcoin-list-wallet-address\">\r\n                                KOPIEREN<\/button>\r\n                    \r\n                                <\/div>\r\n                                <div class=\"cbd_qr_code\">\r\n                                <img src=\"https:\/\/chart.googleapis.com\/chart?cht=qr&chl=19YFid4eBhHuFvoNP4m5MKPLHYAwSJtu38&chs=260x260&chld=L|0\" alt=\"Scan to Donate Bitcoin to 19YFid4eBhHuFvoNP4m5MKPLHYAwSJtu38\"\/>\r\n                                <\/div><\/div>\r\n                                <\/div><li class=\"cbd-list-items\"><a class=\"cbd-list-popup\" href=\"#donateethereum\" rel=\"modal:open\"><div class=\"cdb-list-img\"><img src=\"https:\/\/www.selbstgemacht.co.at\/cms\/wp-content\/plugins\/cryptocurrency-donation-box\/assets\/logos\/ethereum.svg\"><\/div><div class=\"cdb-list-content\"><span class=\"cdb-list-donate-txt\">Donate with<\/span><span class=\"cdb-list-coin\">Ethereum<\/span><\/div><\/a><\/li>\r\n                                <div id=\"donateethereum\" class=\"modal\">\r\n                                <div class=\"cbd-main-title\">\r\n                                <h2 class=\"cbd-title\">Donate Ethereum<\/h2>\r\n                                <\/div>\r\n                                <div class=\"cbd-modal-body\">\r\n                                <div class=\"cbd-address\">\r\n                                <input type=\"text\" class=\"wallet-address-input\"  id=\"ethereum-list-wallet-address\" name=\"ethereum-list-wallet-address\" value=\"0x8953fF382e8982C3b54261637495229a59048092\">\r\n                                <button class=\"CDBBC_btn\" data-clipboard-target=\"#ethereum-list-wallet-address\">\r\n                                KOPIEREN<\/button>\r\n                    \r\n                                <\/div>\r\n                                <div class=\"cbd_qr_code\">\r\n                                <img src=\"https:\/\/chart.googleapis.com\/chart?cht=qr&chl=0x8953fF382e8982C3b54261637495229a59048092&chs=260x260&chld=L|0\" alt=\"Scan to Donate Ethereum to 0x8953fF382e8982C3b54261637495229a59048092\"\/>\r\n                                <\/div><\/div>\r\n                                <\/div><li class=\"cbd-list-items\"><a class=\"cbd-list-popup\" href=\"#donatebitcoin-cash\" rel=\"modal:open\"><div class=\"cdb-list-img\"><img src=\"https:\/\/www.selbstgemacht.co.at\/cms\/wp-content\/plugins\/cryptocurrency-donation-box\/assets\/logos\/bitcoin-cash.svg\"><\/div><div class=\"cdb-list-content\"><span class=\"cdb-list-donate-txt\">Donate with<\/span><span class=\"cdb-list-coin\">Bitcoin cash<\/span><\/div><\/a><\/li>\r\n                                <div id=\"donatebitcoin-cash\" class=\"modal\">\r\n                                <div class=\"cbd-main-title\">\r\n                                <h2 class=\"cbd-title\">Donate Bitcoin cash<\/h2>\r\n                                <\/div>\r\n                                <div class=\"cbd-modal-body\">\r\n                                <div class=\"cbd-address\">\r\n                                <input type=\"text\" class=\"wallet-address-input\"  id=\"bitcoin-cash-list-wallet-address\" name=\"bitcoin-cash-list-wallet-address\" value=\"qzrl5redmfe4hwrqgl2mlty84jaur5tzkcugem3wk9\">\r\n                                <button class=\"CDBBC_btn\" data-clipboard-target=\"#bitcoin-cash-list-wallet-address\">\r\n                                KOPIEREN<\/button>\r\n                    \r\n                                <\/div>\r\n                                <div class=\"cbd_qr_code\">\r\n                                <img src=\"https:\/\/chart.googleapis.com\/chart?cht=qr&chl=qzrl5redmfe4hwrqgl2mlty84jaur5tzkcugem3wk9&chs=260x260&chld=L|0\" alt=\"Scan to Donate Bitcoin cash to qzrl5redmfe4hwrqgl2mlty84jaur5tzkcugem3wk9\"\/>\r\n                                <\/div><\/div>\r\n                                <\/div><li class=\"cbd-list-items\"><a class=\"cbd-list-popup\" href=\"#donatelitecoin\" rel=\"modal:open\"><div class=\"cdb-list-img\"><img src=\"https:\/\/www.selbstgemacht.co.at\/cms\/wp-content\/plugins\/cryptocurrency-donation-box\/assets\/logos\/litecoin.svg\"><\/div><div class=\"cdb-list-content\"><span class=\"cdb-list-donate-txt\">Donate with<\/span><span class=\"cdb-list-coin\">Litecoin<\/span><\/div><\/a><\/li>\r\n                                <div id=\"donatelitecoin\" class=\"modal\">\r\n                                <div class=\"cbd-main-title\">\r\n                                <h2 class=\"cbd-title\">Donate Litecoin<\/h2>\r\n                                <\/div>\r\n                                <div class=\"cbd-modal-body\">\r\n                                <div class=\"cbd-address\">\r\n                                <input type=\"text\" class=\"wallet-address-input\"  id=\"litecoin-list-wallet-address\" name=\"litecoin-list-wallet-address\" value=\"LLjLAGf4yD4Uc6xqSL54QtkC965xLGJYSt\">\r\n                                <button class=\"CDBBC_btn\" data-clipboard-target=\"#litecoin-list-wallet-address\">\r\n                                KOPIEREN<\/button>\r\n                    \r\n                                <\/div>\r\n                                <div class=\"cbd_qr_code\">\r\n                                <img src=\"https:\/\/chart.googleapis.com\/chart?cht=qr&chl=LLjLAGf4yD4Uc6xqSL54QtkC965xLGJYSt&chs=260x260&chld=L|0\" alt=\"Scan to Donate Litecoin to LLjLAGf4yD4Uc6xqSL54QtkC965xLGJYSt\"\/>\r\n                                <\/div><\/div>\r\n                                <\/div> \r\n                      <\/ul>\r\n                    <\/div>\r\n                    <\/div>\n\n\n","protected":false},"excerpt":{"rendered":"<p>Willkommen auf h3mobile &nbsp; Baue dir eine interaktive Map und speichere deine interessanten Orte als Marker ab. Diese kannst du<\/p>\n<div class=\"read-button read_more_btn_text\"><a class=\"read_more\" href=\"https:\/\/www.selbstgemacht.co.at\/cms\/\">Read Now <i class=\"fas fa-caret-right\"><\/i><\/a><\/div>\n","protected":false},"author":1,"featured_media":0,"parent":0,"menu_order":0,"comment_status":"closed","ping_status":"closed","template":"","meta":{"ngg_post_thumbnail":0},"_links":{"self":[{"href":"https:\/\/www.selbstgemacht.co.at\/cms\/wp-json\/wp\/v2\/pages\/8"}],"collection":[{"href":"https:\/\/www.selbstgemacht.co.at\/cms\/wp-json\/wp\/v2\/pages"}],"about":[{"href":"https:\/\/www.selbstgemacht.co.at\/cms\/wp-json\/wp\/v2\/types\/page"}],"author":[{"embeddable":true,"href":"https:\/\/www.selbstgemacht.co.at\/cms\/wp-json\/wp\/v2\/users\/1"}],"replies":[{"embeddable":true,"href":"https:\/\/www.selbstgemacht.co.at\/cms\/wp-json\/wp\/v2\/comments?post=8"}],"version-history":[{"count":15,"href":"https:\/\/www.selbstgemacht.co.at\/cms\/wp-json\/wp\/v2\/pages\/8\/revisions"}],"predecessor-version":[{"id":454,"href":"https:\/\/www.selbstgemacht.co.at\/cms\/wp-json\/wp\/v2\/pages\/8\/revisions\/454"}],"wp:attachment":[{"href":"https:\/\/www.selbstgemacht.co.at\/cms\/wp-json\/wp\/v2\/media?parent=8"}],"curies":[{"name":"wp","href":"https:\/\/api.w.org\/{rel}","templated":true}]}}