{"id":63,"date":"2019-03-08T13:35:25","date_gmt":"2019-03-08T12:35:25","guid":{"rendered":"http:\/\/www.selbstgemacht.co.at\/aikido\/?page_id=63"},"modified":"2019-04-01T20:41:34","modified_gmt":"2019-04-01T18:41:34","slug":"etikette","status":"publish","type":"page","link":"http:\/\/www.selbstgemacht.co.at\/aikido\/etikette\/","title":{"rendered":"Etikette"},"content":{"rendered":"\n<p>Die Etikette in AIKIDO ist durch\ndie japanischen Traditionen umfangreich. Hier kann nur ein Auszug der\nwichtigsten Verhaltensregeln gegeben werden. Die Etikette dient neben dem\nVermeiden von Missverst\u00e4ndnissen auf der Matte auch dem Respekt untereinander\nund stellt neben dem Erlernen von Techniken einen wesentlichen Bestandteil von\nAIKIDO dar.<\/p>\n\n\n\n<ul class=\"wp-block-list\"><li>Bekleidung<ul><li>Zum Training sollte ein sauber Keikogi (\u201eKimono\u201c) getragen werden<\/li><li>Stra\u00dfenschuhe werden gegen Hausschuhe getauscht und vor der Matte ausgezogen<\/li><li>Vor dem Trainingsbeginn ist jeglicher Schmuck abzulegen (Ringe, Ohrringe, Kettchen, etc.), nicht abnehmbarer Schmuck muss abgeklebt werden.<\/li><\/ul><\/li><li>Verbeugen<ul><li>Beim Betreten und Verlassen des Dojo (der Turnhalle) <\/li><li>Beim Betreten und Verlassen der Mattenfl\u00e4che <\/li><li>Nach dem zazen vor der Kamiza und vor dem Trainer <\/li><li>Vor und nach dem \u00dcben mit einem Trainingskollegen oder dem Trainer <\/li><\/ul><\/li><li>Man soll p\u00fcnktlich zumTraining im Dojo erscheinen. Kommt ein Sch\u00fcler zu sp\u00e4t ins Training, so zeugt es von Respekt wenn er nicht einfach die Matte betritt und mittrainiert, sondern am Mattenrand wartet bis er vom Trainer aufgefordert wird die Matte zu betreten. Anschlie\u00dfend sollte der zu sp\u00e4t gekommene Sch\u00fcler ein zazen durchf\u00fchren und sich kurz aufw\u00e4rmen, bevor er sich dem Training anschlie\u00dft.<\/li><li>Die Matte soll nach M\u00f6glichkeit w\u00e4hrend des Trainings nicht verlassen werden. Sollte es dennoch Gr\u00fcnde daf\u00fcr geben (z.B. WC, \u00dcbelkeit,\u2026) soll dies dem Trainer mitgeteilt werden.<\/li><li>Im Dojo soll im Sitzen der Kamiza niemals der R\u00fccken zugewendet werden.<\/li><li>Aus Sicherheitsgr\u00fcnden d\u00fcrfen w\u00e4hrend des Trainings nur Sportbrillen getragen werden.<\/li><li>\u00dcbungswaffen sollen zu jedem Training mitgenommen werden.<\/li><li>Das Verhalten im Training ist grunds\u00e4tzlich von einer Atmosph\u00e4re des Lernens. Es ist kein Wirtshaus-Stammtisch wo herumgebr\u00fcllt wird. So etwas wie ein Redeverbot gibt es aber auch nicht.<\/li><li>Das Richten der Kleidung w\u00e4hrend des Unterrichts geschieht unauff\u00e4llig am Mattenrand.<\/li><li>Handys sind, mit Ausnahme von z.B. Bereitschaftsdiensten, auf lautlos zu schalten.<\/li><li>Es soll immer r\u00fccksichtsvoll trainiert werden.<\/li><li>Zuschauer\u00a0sind erw\u00fcnscht,\u00a0verhalten sich\u00a0ruhig, gleich mittrainieren ist besser.<\/li><\/ul>\n","protected":false},"excerpt":{"rendered":"<p>Die Etikette in AIKIDO ist durch die japanischen Traditionen umfangreich. Hier kann nur ein Auszug der wichtigsten Verhaltensregeln gegeben werden. Die Etikette dient neben dem Vermeiden von Missverst\u00e4ndnissen auf der Matte auch dem Respekt untereinander und stellt neben dem Erlernen von Techniken einen wesentlichen Bestandteil von AIKIDO dar. Bekleidung Zum Training sollte ein sauber Keikogi &hellip; <\/p>\n<p class=\"link-more\"><a href=\"http:\/\/www.selbstgemacht.co.at\/aikido\/etikette\/\" class=\"more-link\"><span class=\"screen-reader-text\">\u201eEtikette\u201c<\/span> weiterlesen<\/a><\/p>\n","protected":false},"author":1,"featured_media":0,"parent":0,"menu_order":0,"comment_status":"closed","ping_status":"closed","template":"","meta":{"ngg_post_thumbnail":0,"footnotes":""},"class_list":["post-63","page","type-page","status-publish","hentry"],"_links":{"self":[{"href":"http:\/\/www.selbstgemacht.co.at\/aikido\/wp-json\/wp\/v2\/pages\/63","targetHints":{"allow":["GET"]}}],"collection":[{"href":"http:\/\/www.selbstgemacht.co.at\/aikido\/wp-json\/wp\/v2\/pages"}],"about":[{"href":"http:\/\/www.selbstgemacht.co.at\/aikido\/wp-json\/wp\/v2\/types\/page"}],"author":[{"embeddable":true,"href":"http:\/\/www.selbstgemacht.co.at\/aikido\/wp-json\/wp\/v2\/users\/1"}],"replies":[{"embeddable":true,"href":"http:\/\/www.selbstgemacht.co.at\/aikido\/wp-json\/wp\/v2\/comments?post=63"}],"version-history":[{"count":3,"href":"http:\/\/www.selbstgemacht.co.at\/aikido\/wp-json\/wp\/v2\/pages\/63\/revisions"}],"predecessor-version":[{"id":161,"href":"http:\/\/www.selbstgemacht.co.at\/aikido\/wp-json\/wp\/v2\/pages\/63\/revisions\/161"}],"wp:attachment":[{"href":"http:\/\/www.selbstgemacht.co.at\/aikido\/wp-json\/wp\/v2\/media?parent=63"}],"curies":[{"name":"wp","href":"https:\/\/api.w.org\/{rel}","templated":true}]}}