{"id":107,"date":"2019-03-08T22:43:11","date_gmt":"2019-03-08T21:43:11","guid":{"rendered":"http:\/\/www.selbstgemacht.co.at\/aikido\/?page_id=107"},"modified":"2019-03-29T11:33:51","modified_gmt":"2019-03-29T10:33:51","slug":"pruefung","status":"publish","type":"page","link":"http:\/\/www.selbstgemacht.co.at\/aikido\/pruefung\/","title":{"rendered":"Pr\u00fcfung"},"content":{"rendered":"\n<p>Ebenso wie bei anderen Kampfk\u00fcnsten gibt es auch im AIKIDO G\u00fcrtelpr\u00fcfungen. Als Anf\u00e4nger ist man ungepr\u00fcft, ein sogenannter Mukyu. Die erste Pr\u00fcfung ist der 6. Kyu, dann kommt der 5 .Kyu, bis hin zum 1. Kyu. Innerhalb der Kyu-Grade gibt es keine unterschiedlichen G\u00fcrtelfarben, die Kyu-Grade tragen alle einen wei\u00dfen G\u00fcrtel. Ab dem 1. Kyu wird dann der Hakama, der japanische Hosenrock in schwarz oder dunkelblau, getragen.<br>\nAb dem 1. Dan ist die G\u00fcrtelfarbe Schwarz. Die Kyu-Grade gelten als Sch\u00fclergrade, die Dan-Grade als Meistergrade. Wobei es auch andere Interpretationen gibt, wonach der 1. Dan gerade mal so viel versteht um wirklich mit AIKIDO beginnen zu k\u00f6nnen, womit der 1. Dan der Lehrling w\u00e4re. Aber das muss jeder f\u00fcr sich selber entscheiden als was er welche Graduierung ansieht.<br>\nWann eine Pr\u00fcfung f\u00e4llig ist entscheidet der Trainer. So kommt es vor, dass sich Sch\u00fcler schon \u201ereif\u201c f\u00fcr eine Pr\u00fcfung sehen, der Trainer jedoch noch nicht, oder umgekehrt, der Trainer pr\u00fcft einen Sch\u00fcler obwohl dieser selber noch nicht der Meinung ist, so weit zu sein.<\/p>\n","protected":false},"excerpt":{"rendered":"<p>Ebenso wie bei anderen Kampfk\u00fcnsten gibt es auch im AIKIDO G\u00fcrtelpr\u00fcfungen. Als Anf\u00e4nger ist man ungepr\u00fcft, ein sogenannter Mukyu. Die erste Pr\u00fcfung ist der 6. Kyu, dann kommt der 5 .Kyu, bis hin zum 1. Kyu. Innerhalb der Kyu-Grade gibt es keine unterschiedlichen G\u00fcrtelfarben, die Kyu-Grade tragen alle einen wei\u00dfen G\u00fcrtel. Ab dem 1. Kyu &hellip; <\/p>\n<p class=\"link-more\"><a href=\"http:\/\/www.selbstgemacht.co.at\/aikido\/pruefung\/\" class=\"more-link\"><span class=\"screen-reader-text\">\u201ePr\u00fcfung\u201c<\/span> weiterlesen<\/a><\/p>\n","protected":false},"author":1,"featured_media":0,"parent":0,"menu_order":0,"comment_status":"closed","ping_status":"closed","template":"","meta":{"ngg_post_thumbnail":0,"footnotes":""},"class_list":["post-107","page","type-page","status-publish","hentry"],"_links":{"self":[{"href":"http:\/\/www.selbstgemacht.co.at\/aikido\/wp-json\/wp\/v2\/pages\/107","targetHints":{"allow":["GET"]}}],"collection":[{"href":"http:\/\/www.selbstgemacht.co.at\/aikido\/wp-json\/wp\/v2\/pages"}],"about":[{"href":"http:\/\/www.selbstgemacht.co.at\/aikido\/wp-json\/wp\/v2\/types\/page"}],"author":[{"embeddable":true,"href":"http:\/\/www.selbstgemacht.co.at\/aikido\/wp-json\/wp\/v2\/users\/1"}],"replies":[{"embeddable":true,"href":"http:\/\/www.selbstgemacht.co.at\/aikido\/wp-json\/wp\/v2\/comments?post=107"}],"version-history":[{"count":3,"href":"http:\/\/www.selbstgemacht.co.at\/aikido\/wp-json\/wp\/v2\/pages\/107\/revisions"}],"predecessor-version":[{"id":153,"href":"http:\/\/www.selbstgemacht.co.at\/aikido\/wp-json\/wp\/v2\/pages\/107\/revisions\/153"}],"wp:attachment":[{"href":"http:\/\/www.selbstgemacht.co.at\/aikido\/wp-json\/wp\/v2\/media?parent=107"}],"curies":[{"name":"wp","href":"https:\/\/api.w.org\/{rel}","templated":true}]}}